{"id":898,"date":"2025-10-30T23:08:17","date_gmt":"2025-10-30T22:08:17","guid":{"rendered":"https:\/\/filipgrzelak.pl\/?page_id=898"},"modified":"2025-10-30T23:13:48","modified_gmt":"2025-10-30T22:13:48","slug":"kontakt","status":"publish","type":"page","link":"https:\/\/filipgrzelak.pl\/?page_id=898","title":{"rendered":"KONTAKT"},"content":{"rendered":"\n<p>Nie zwlekaj \u2014 skontaktuj si\u0119 ze mn\u0105 ju\u017c dzi\u015b!<\/p>\n\n\n\n<p><strong>Filip Grzelak<\/strong> projekty instalacji sanitarnych<br>adres e-mail: projekty@filipgrzelak.pl<br>telefon: +48 603 604 084<\/p>\n\n\n\n<p><\/p>\n","protected":false},"excerpt":{"rendered":"<p>Nie zwlekaj \u2014 skontaktuj si\u0119 ze mn\u0105 ju\u017c dzi\u015b! Filip Grzelak projekty instalacji sanitarnychadres e-mail: projekty@filipgrzelak.pltelefon: +48 603 604 084<\/p>\n","protected":false},"author":1,"featured_media":0,"parent":0,"menu_order":0,"comment_status":"closed","ping_status":"closed","template":"","meta":{"footnotes":""},"class_list":["post-898","page","type-page","status-publish","hentry"],"_links":{"self":[{"href":"https:\/\/filipgrzelak.pl\/index.php?rest_route=\/wp\/v2\/pages\/898","targetHints":{"allow":["GET"]}}],"collection":[{"href":"https:\/\/filipgrzelak.pl\/index.php?rest_route=\/wp\/v2\/pages"}],"about":[{"href":"https:\/\/filipgrzelak.pl\/index.php?rest_route=\/wp\/v2\/types\/page"}],"author":[{"embeddable":true,"href":"https:\/\/filipgrzelak.pl\/index.php?rest_route=\/wp\/v2\/users\/1"}],"replies":[{"embeddable":true,"href":"https:\/\/filipgrzelak.pl\/index.php?rest_route=%2Fwp%2Fv2%2Fcomments&post=898"}],"version-history":[{"count":2,"href":"https:\/\/filipgrzelak.pl\/index.php?rest_route=\/wp\/v2\/pages\/898\/revisions"}],"predecessor-version":[{"id":906,"href":"https:\/\/filipgrzelak.pl\/index.php?rest_route=\/wp\/v2\/pages\/898\/revisions\/906"}],"wp:attachment":[{"href":"https:\/\/filipgrzelak.pl\/index.php?rest_route=%2Fwp%2Fv2%2Fmedia&parent=898"}],"curies":[{"name":"wp","href":"https:\/\/api.w.org\/{rel}","templated":true}]}}